{"id":56972,"date":"2026-03-16T07:53:05","date_gmt":"2026-03-16T07:53:05","guid":{"rendered":"https:\/\/fazana.eu\/ponuda-glisera\/quicksilver-sundeck-675\/"},"modified":"2026-04-05T12:46:49","modified_gmt":"2026-04-05T12:46:49","slug":"quicksilver-sundeck-675","status":"publish","type":"page","link":"https:\/\/fazana.eu\/hr\/ponuda-glisera\/quicksilver-sundeck-675\/","title":{"rendered":"Quicksilver sundeck 675"},"content":{"rendered":"<p>[et_pb_section fb_built=&#8221;1&#8243; _builder_version=&#8221;4.21.0&#8243; _module_preset=&#8221;default&#8221; global_colors_info=&#8221;{}&#8221;][et_pb_row _builder_version=&#8221;4.21.0&#8243; _module_preset=&#8221;default&#8221; width=&#8221;90%&#8221; max_width=&#8221;1300px&#8221; module_alignment=&#8221;center&#8221; scroll_fade_enable=&#8221;on&#8221; scroll_fade=&#8221;0|28|28|60|0|30%|100&#8243; motion_trigger_start=&#8221;top&#8221; global_colors_info=&#8221;{}&#8221;][et_pb_column type=&#8221;4_4&#8243; _builder_version=&#8221;4.21.0&#8243; _module_preset=&#8221;default&#8221; global_colors_info=&#8221;{}&#8221;][dsm_block_reveal_text block_reveal_text=&#8221;Quicksilver 675 Sundeck&#8221; block_reveal_color=&#8221;#FFFFFF&#8221; _builder_version=&#8221;4.27.5&#8243; _module_preset=&#8221;default&#8221; header_font=&#8221;Poppins||||||||&#8221; header_text_align=&#8221;left&#8221; header_text_color=&#8221;#0C71C3&#8243; header_font_size=&#8221;50px&#8221; header_font_size_tablet=&#8221;40px&#8221; header_font_size_phone=&#8221;30px&#8221; header_font_size_last_edited=&#8221;on|phone&#8221; global_colors_info=&#8221;{}&#8221;][\/dsm_block_reveal_text][\/et_pb_column][\/et_pb_row][et_pb_row _builder_version=&#8221;4.21.0&#8243; _module_preset=&#8221;default&#8221; width=&#8221;90%&#8221; max_width=&#8221;1300px&#8221; custom_margin=&#8221;||0px||false|false&#8221; custom_padding=&#8221;||0px||false|false&#8221; global_colors_info=&#8221;{}&#8221;][et_pb_column type=&#8221;4_4&#8243; _builder_version=&#8221;4.21.0&#8243; _module_preset=&#8221;default&#8221; global_colors_info=&#8221;{}&#8221;][et_pb_image src=&#8221;https:\/\/fazana.eu\/wp-content\/uploads\/2026\/03\/quicksilder-sundeck-fazana-rent-a-boat-11.jpg&#8221; title_text=&#8221;quicksilder-sundeck-fazana-rent-a-boat-11&#8243; align=&#8221;right&#8221; disabled_on=&#8221;off|on|on&#8221; _builder_version=&#8221;4.27.5&#8243; _module_preset=&#8221;default&#8221; module_alignment=&#8221;right&#8221; border_width_all=&#8221;3px&#8221; border_color_all=&#8221;#0C71C3&#8243; global_colors_info=&#8221;{}&#8221;][\/et_pb_image][\/et_pb_column][\/et_pb_row][et_pb_row column_structure=&#8221;1_4,1_4,1_2&#8243; make_equal=&#8221;on&#8221; _builder_version=&#8221;4.27.5&#8243; _module_preset=&#8221;default&#8221; width=&#8221;90%&#8221; max_width=&#8221;1300px&#8221; custom_padding=&#8221;2px|||||&#8221; custom_css_main_element=&#8221;align-items: center;&#8221; global_colors_info=&#8221;{}&#8221;][et_pb_column type=&#8221;1_4&#8243; _builder_version=&#8221;4.21.0&#8243; _module_preset=&#8221;default&#8221; custom_css_main_element=&#8221;max-width: 25%;&#8221; global_colors_info=&#8221;{}&#8221; custom_css_main_element_last_edited=&#8221;on|phone&#8221; custom_css_main_element_tablet=&#8221; &#8221; custom_css_main_element_phone=&#8221; &#8220;][et_pb_text _builder_version=&#8221;4.21.0&#8243; _module_preset=&#8221;default&#8221; header_font=&#8221;Archivo||||||||&#8221; header_2_font=&#8221;Archivo||||||||&#8221; header_2_text_color=&#8221;#0C71C3&#8243; header_2_font_size=&#8221;30px&#8221; header_3_font=&#8221;Archivo||||||||&#8221; header_3_text_color=&#8221;#595959&#8243; header_3_font_size=&#8221;20px&#8221; custom_margin=&#8221;||0px||false|false&#8221; custom_padding=&#8221;||0px||false|false&#8221; header_3_font_size_tablet=&#8221;20px&#8221; header_3_font_size_phone=&#8221;25px&#8221; header_3_font_size_last_edited=&#8221;on|phone&#8221; global_colors_info=&#8221;{}&#8221;]<\/p>\n<h2>Detalji o plovilu<\/h2>\n<p>[\/et_pb_text][et_pb_text _builder_version=&#8221;4.21.0&#8243; _module_preset=&#8221;default&#8221; text_font=&#8221;Archivo|300|||||||&#8221; text_font_size=&#8221;16px&#8221; custom_margin=&#8221;||0px||false|false&#8221; custom_padding=&#8221;5px||5px||true|false&#8221; global_colors_info=&#8221;{}&#8221;]<\/p>\n<p><strong>Vrsta najma: Bez skipera ili sa skiperom<\/p>\n<p>[\/et_pb_text][et_pb_text _builder_version=&#8221;4.27.5&#8243; _module_preset=&#8221;default&#8221; text_font=&#8221;Archivo|300|||||||&#8221; text_font_size=&#8221;15px&#8221; custom_margin=&#8221;0px||0px||false|false&#8221; custom_padding=&#8221;5px||5px||true|false&#8221; global_colors_info=&#8221;{}&#8221;]<\/p>\n<p><span><strong>Model:<\/strong>Quicksilver 675 Open<\/span><\/p>\n<p>[\/et_pb_text][et_pb_text _builder_version=&#8221;4.27.5&#8243; _module_preset=&#8221;default&#8221; text_font=&#8221;Archivo|300|||||||&#8221; text_font_size=&#8221;15px&#8221; custom_margin=&#8221;0px||0px||false|false&#8221; custom_padding=&#8221;5px||5px||true|false&#8221; global_colors_info=&#8221;{}&#8221;]<\/p>\n<p><span><strong>Dauljina (m):<\/strong> 6.75<\/span><\/p>\n<p>[\/et_pb_text][et_pb_text _builder_version=&#8221;4.27.5&#8243; _module_preset=&#8221;default&#8221; text_font=&#8221;Archivo|300|||||||&#8221; text_font_size=&#8221;16px&#8221; custom_margin=&#8221;0px||0px||false|false&#8221; custom_padding=&#8221;5px||5px||true|false&#8221; global_colors_info=&#8221;{}&#8221;]<\/p>\n<p><span><strong>\u0160irina (m):<\/strong> 2.55<\/span><\/p>\n<p>[\/et_pb_text][et_pb_text _builder_version=&#8221;4.27.5&#8243; _module_preset=&#8221;default&#8221; text_font=&#8221;Archivo|300|||||||&#8221; text_font_size=&#8221;15px&#8221; custom_margin=&#8221;0px||0px||false|false&#8221; custom_padding=&#8221;5px||5px||true|false&#8221; global_colors_info=&#8221;{}&#8221;]<\/p>\n<p><span><strong>Gaz (m)<\/strong>: 0.7<\/span><\/p>\n<p>[\/et_pb_text][et_pb_text _builder_version=&#8221;4.27.5&#8243; _module_preset=&#8221;default&#8221; text_font=&#8221;Archivo|300|||||||&#8221; text_font_size=&#8221;15px&#8221; custom_margin=&#8221;0px||0px||false|false&#8221; custom_padding=&#8221;5px||5px||true|false&#8221; global_colors_info=&#8221;{}&#8221;]<\/p>\n<p><span><strong>Godina proizvodnje:<\/strong> 2026<\/span><\/p>\n<p>[\/et_pb_text][et_pb_text _builder_version=&#8221;4.27.5&#8243; _module_preset=&#8221;default&#8221; text_font=&#8221;Archivo|300|||||||&#8221; text_font_size=&#8221;15px&#8221; custom_margin=&#8221;0px||0px||false|false&#8221; custom_padding=&#8221;5px||5px||true|false&#8221; global_colors_info=&#8221;{}&#8221;]<\/p>\n<p><span><strong>Licencirani kapacitet:<\/strong> 9 persons<\/span><\/p>\n<p>[\/et_pb_text][\/et_pb_column][et_pb_column type=&#8221;1_4&#8243; _builder_version=&#8221;4.21.0&#8243; _module_preset=&#8221;default&#8221; custom_css_main_element=&#8221;max-width: 25%;&#8221; global_colors_info=&#8221;{}&#8221; custom_css_main_element_last_edited=&#8221;on|tablet&#8221; custom_css_main_element_tablet=&#8221; &#8221; custom_css_main_element_phone=&#8221; &#8220;][et_pb_text _builder_version=&#8221;4.21.0&#8243; _module_preset=&#8221;default&#8221; text_font=&#8221;Archivo|300|||||||&#8221; text_font_size=&#8221;16px&#8221; custom_margin=&#8221;||0px||false|false&#8221; custom_padding=&#8221;5px||5px||true|false&#8221; global_colors_info=&#8221;{}&#8221;]<\/p>\n<p><span><strong>Broj kabina:<\/strong> 1<\/span><\/p>\n<p>[\/et_pb_text][et_pb_text _builder_version=&#8221;4.21.0&#8243; _module_preset=&#8221;default&#8221; text_font=&#8221;Archivo|300|||||||&#8221; text_font_size=&#8221;15px&#8221; custom_margin=&#8221;0px||0px||false|false&#8221; custom_padding=&#8221;5px||5px||true|false&#8221; global_colors_info=&#8221;{}&#8221;]<\/p>\n<p><span><strong>Motor:<\/strong> \u010detverotaktni<\/span><\/p>\n<p>[\/et_pb_text][et_pb_text _builder_version=&#8221;4.21.0&#8243; _module_preset=&#8221;default&#8221; text_font=&#8221;Archivo|300|||||||&#8221; text_font_size=&#8221;15px&#8221; custom_margin=&#8221;0px||0px||false|false&#8221; custom_padding=&#8221;5px||5px||true|false&#8221; global_colors_info=&#8221;{}&#8221;]<\/p>\n<p><span><strong>Snaga <\/strong>Honda motor od 150hp<\/span><\/p>\n<p>[\/et_pb_text][et_pb_text _builder_version=&#8221;4.21.0&#8243; _module_preset=&#8221;default&#8221; text_font=&#8221;Archivo|300|||||||&#8221; text_font_size=&#8221;15px&#8221; custom_margin=&#8221;0px||0px||false|false&#8221; custom_padding=&#8221;5px||5px||true|false&#8221; global_colors_info=&#8221;{}&#8221;]<\/p>\n<p><span><strong>Broj motora:<\/strong> 1<\/span><\/p>\n<p>[\/et_pb_text][et_pb_text _builder_version=&#8221;4.21.0&#8243; _module_preset=&#8221;default&#8221; text_font=&#8221;Archivo|300|||||||&#8221; text_font_size=&#8221;15px&#8221; custom_margin=&#8221;0px||0px||false|false&#8221; custom_padding=&#8221;5px||5px||true|false&#8221; global_colors_info=&#8221;{}&#8221;]<\/p>\n<p><span><strong>Vrsta goriva:<\/strong> Benzin<\/span><\/p>\n<p>[\/et_pb_text][et_pb_text _builder_version=&#8221;4.27.5&#8243; _module_preset=&#8221;default&#8221; text_font=&#8221;Archivo|300|||||||&#8221; text_font_size=&#8221;15px&#8221; custom_margin=&#8221;0px||0px||false|false&#8221; custom_padding=&#8221;5px||5px||true|false&#8221; global_colors_info=&#8221;{}&#8221;]<\/p>\n<p><span><strong>Depozit (\u20ac):<\/strong> 500<\/span><\/p>\n<p>[\/et_pb_text][et_pb_text _builder_version=&#8221;4.27.5&#8243; _module_preset=&#8221;default&#8221; text_font=&#8221;Archivo|300|||||||&#8221; text_font_size=&#8221;15px&#8221; custom_margin=&#8221;0px||0px||false|false&#8221; custom_padding=&#8221;5px||5px||true|false&#8221; global_colors_info=&#8221;{}&#8221;]<\/p>\n<p><span><strong>Radio, GPS, tu\u0161, kabina za spavanje, bimini tenda, fish finder, stepenice za ulaz u more, sidra (ru\u010dno i elektri\u010dno), prednje i stra\u017enje sun\u010dali\u0161te, stol, 2 punja\u010da za mobitel<\/span><\/p>\n<p>[\/et_pb_text][\/et_pb_column][et_pb_column type=&#8221;1_2&#8243; _builder_version=&#8221;4.21.0&#8243; _module_preset=&#8221;default&#8221; custom_css_main_element=&#8221;max-width: 50%;&#8221; global_colors_info=&#8221;{}&#8221; custom_css_main_element_last_edited=&#8221;on|tablet&#8221; custom_css_main_element_phone=&#8221; &#8221; custom_css_main_element_tablet=&#8221; &#8220;][et_pb_image src=&#8221;https:\/\/fazana.eu\/wp-content\/uploads\/2026\/03\/quicksilder-sundeck-fazana-rent-a-boat-11.jpg&#8221; title_text=&#8221;quicksilder-sundeck-fazana-rent-a-boat-11&#8243; align=&#8221;right&#8221; disabled_on=&#8221;on|off|off&#8221; _builder_version=&#8221;4.27.5&#8243; _module_preset=&#8221;default&#8221; module_alignment=&#8221;right&#8221; border_width_all=&#8221;6px&#8221; border_color_all=&#8221;#0C71C3&#8243; global_colors_info=&#8221;{}&#8221;][\/et_pb_image][\/et_pb_column][\/et_pb_row][et_pb_row _builder_version=&#8221;4.21.0&#8243; _module_preset=&#8221;default&#8221; width=&#8221;90%&#8221; max_width=&#8221;1300px&#8221; global_colors_info=&#8221;{}&#8221;][et_pb_column type=&#8221;4_4&#8243; _builder_version=&#8221;4.21.0&#8243; _module_preset=&#8221;default&#8221; global_colors_info=&#8221;{}&#8221;][et_pb_text _builder_version=&#8221;4.21.0&#8243; _module_preset=&#8221;default&#8221; header_font=&#8221;Archivo||||||||&#8221; header_2_font=&#8221;Archivo||||||||&#8221; header_2_text_color=&#8221;#0C71C3&#8243; header_2_font_size=&#8221;30px&#8221; header_3_font=&#8221;Archivo||||||||&#8221; header_3_text_color=&#8221;#595959&#8243; header_3_font_size=&#8221;20px&#8221; custom_margin=&#8221;||0px||false|false&#8221; custom_padding=&#8221;||0px||false|false&#8221; header_3_font_size_tablet=&#8221;20px&#8221; header_3_font_size_phone=&#8221;25px&#8221; header_3_font_size_last_edited=&#8221;on|phone&#8221; global_colors_info=&#8221;{}&#8221;]<\/p>\n<h2>Galerija<\/h2>\n<p>[\/et_pb_text][et_pb_divider color=&#8221;#0C71C3&#8243; divider_weight=&#8221;2px&#8221; _builder_version=&#8221;4.21.0&#8243; _module_preset=&#8221;default&#8221; width=&#8221;25%&#8221; custom_margin=&#8221;0px||0px||false|false&#8221; custom_padding=&#8221;0px||10px||false|false&#8221; global_colors_info=&#8221;{}&#8221;][\/et_pb_divider][dsm_image_carousel gallery_ids=&#8221;56921,56925,56929,56933,56937,56941,56945,56949,56953,56957,56961,56965&#8243; slide_to_show=&#8221;3&#8243; arrow_position=&#8221;inside&#8221; dots=&#8221;off&#8221; show_lightbox=&#8221;on&#8221; show_lightbox_gallery=&#8221;on&#8221; arrow_color=&#8221;#FFFFFF&#8221; arrow_background_color=&#8221;#0C71C3&#8243; _builder_version=&#8221;4.27.5&#8243; _module_preset=&#8221;default&#8221; max_width_tablet=&#8221;&#8221; max_width_phone=&#8221;90%&#8221; max_width_last_edited=&#8221;on|phone&#8221; module_alignment_tablet=&#8221;&#8221; module_alignment_phone=&#8221;center&#8221; module_alignment_last_edited=&#8221;on|phone&#8221; saved_tabs=&#8221;all&#8221; global_colors_info=&#8221;{}&#8221;][\/dsm_image_carousel][\/et_pb_column][\/et_pb_row][et_pb_row disabled_on=&#8221;on|on|on&#8221; _builder_version=&#8221;4.27.5&#8243; _module_preset=&#8221;default&#8221; width=&#8221;90%&#8221; max_width=&#8221;1300px&#8221; disabled=&#8221;on&#8221; global_colors_info=&#8221;{}&#8221;][et_pb_column type=&#8221;4_4&#8243; _builder_version=&#8221;4.21.0&#8243; _module_preset=&#8221;default&#8221; global_colors_info=&#8221;{}&#8221;][et_pb_text _builder_version=&#8221;4.22.0&#8243; _module_preset=&#8221;default&#8221; header_font=&#8221;Archivo||||||||&#8221; header_2_font=&#8221;Archivo||||||||&#8221; header_2_text_color=&#8221;#0C71C3&#8243; header_2_font_size=&#8221;30px&#8221; header_3_font=&#8221;Archivo||||||||&#8221; header_3_text_color=&#8221;#595959&#8243; header_3_font_size=&#8221;20px&#8221; custom_margin=&#8221;||0px||false|false&#8221; custom_padding=&#8221;||0px||false|false&#8221; header_3_font_size_tablet=&#8221;20px&#8221; header_3_font_size_phone=&#8221;25px&#8221; header_3_font_size_last_edited=&#8221;on|phone&#8221; global_colors_info=&#8221;{}&#8221;]<\/p>\n<h2>360 view<\/h2>\n<p>[\/et_pb_text][et_pb_code _builder_version=&#8221;4.22.0&#8243; _module_preset=&#8221;default&#8221; global_colors_info=&#8221;{}&#8221;]<iframe width=\"100%\" height=\"563\" frameborder=\"0\" allowfullscreen src=\"https:\/\/virtualtours.virtualno360.hr\/F1zCDXpJAm\/43261024p&#038;284.37h&#038;79.13t\"><\/iframe>[\/et_pb_code][et_pb_divider color=&#8221;#0C71C3&#8243; divider_weight=&#8221;2px&#8221; _builder_version=&#8221;4.21.0&#8243; _module_preset=&#8221;default&#8221; width=&#8221;25%&#8221; custom_margin=&#8221;0px||0px||false|false&#8221; custom_padding=&#8221;0px||10px||false|false&#8221; global_colors_info=&#8221;{}&#8221;][\/et_pb_divider][\/et_pb_column][\/et_pb_row][et_pb_row column_structure=&#8221;1_2,1_2&#8243; use_custom_gutter=&#8221;on&#8221; gutter_width=&#8221;1&#8243; make_equal=&#8221;on&#8221; _builder_version=&#8221;4.22.0&#8243; _module_preset=&#8221;default&#8221; width=&#8221;90%&#8221; max_width=&#8221;1300px&#8221; custom_padding=&#8221;2px|||||&#8221; custom_css_main_element=&#8221;align-items: center;&#8221; global_colors_info=&#8221;{}&#8221;][et_pb_column type=&#8221;1_2&#8243; _builder_version=&#8221;4.21.0&#8243; _module_preset=&#8221;default&#8221; global_colors_info=&#8221;{}&#8221;][et_pb_text _builder_version=&#8221;4.21.0&#8243; _module_preset=&#8221;default&#8221; header_font=&#8221;Archivo||||||||&#8221; header_2_font=&#8221;Archivo||||||||&#8221; header_2_text_color=&#8221;#0C71C3&#8243; header_2_font_size=&#8221;30px&#8221; header_3_font=&#8221;Archivo||||||||&#8221; header_3_text_color=&#8221;#595959&#8243; header_3_font_size=&#8221;20px&#8221; custom_margin=&#8221;||0px||false|false&#8221; custom_padding=&#8221;||0px||false|false&#8221; header_3_font_size_tablet=&#8221;20px&#8221; header_3_font_size_phone=&#8221;25px&#8221; header_3_font_size_last_edited=&#8221;on|phone&#8221; global_colors_info=&#8221;{}&#8221;]<\/p>\n<h2>Cjenik<\/h2>\n<p>[\/et_pb_text][\/et_pb_column][et_pb_column type=&#8221;1_2&#8243; _builder_version=&#8221;4.22.0&#8243; _module_preset=&#8221;default&#8221; background_enable_color=&#8221;off&#8221; custom_padding_tablet=&#8221;&#8221; custom_padding_phone=&#8221;||||false|false&#8221; custom_padding_last_edited=&#8221;on|phone&#8221; global_colors_info=&#8221;{}&#8221;][\/et_pb_column][\/et_pb_row][et_pb_row column_structure=&#8221;1_4,1_4,1_2&#8243; use_custom_gutter=&#8221;on&#8221; gutter_width=&#8221;1&#8243; _builder_version=&#8221;4.22.0&#8243; _module_preset=&#8221;default&#8221; width=&#8221;90%&#8221; max_width=&#8221;1300px&#8221; custom_padding=&#8221;2px|||||&#8221; custom_css_main_element=&#8221;align-items: center;&#8221; global_colors_info=&#8221;{}&#8221;][et_pb_column type=&#8221;1_4&#8243; _builder_version=&#8221;4.21.0&#8243; _module_preset=&#8221;default&#8221; global_colors_info=&#8221;{}&#8221;][et_pb_text _builder_version=&#8221;4.22.0&#8243; _module_preset=&#8221;default&#8221; text_font=&#8221;Archivo|300|||on||||&#8221; text_font_size=&#8221;19px&#8221; header_3_text_color=&#8221;#0c71c3&#8243; header_3_font_size=&#8221;20px&#8221; custom_margin=&#8221;||0px||false|false&#8221; custom_padding=&#8221;5px||15px||false|false&#8221; global_colors_info=&#8221;{}&#8221;]<\/p>\n<h3><span style=\"text-decoration: underline;\"><strong>01.01. &#8211; 14.06.\u00a0<\/strong><\/span><\/h3>\n<p>[\/et_pb_text][et_pb_text _builder_version=&#8221;4.27.5&#8243; _module_preset=&#8221;default&#8221; text_font=&#8221;Archivo|300|||||||&#8221; text_font_size=&#8221;15px&#8221; custom_margin=&#8221;-7px||0px||false|false&#8221; custom_padding=&#8221;0px||0px||true|false&#8221; custom_padding_tablet=&#8221;5px||5px||true|false&#8221; custom_padding_phone=&#8221;5px||30px||false|false&#8221; custom_padding_last_edited=&#8221;on|phone&#8221; global_colors_info=&#8221;{}&#8221;]<\/p>\n<p><strong>Cijeli dan:<\/strong> 300<span>.00 \u20ac<\/span><\/p>\n<p><\/p>\n<p><strong>Tjedan dana:<\/strong> <span>1.800,00 \u20ac <\/span><\/p>\n<p>[\/et_pb_text][et_pb_text _builder_version=&#8221;4.22.0&#8243; _module_preset=&#8221;default&#8221; text_font=&#8221;Archivo|300|||on||||&#8221; text_font_size=&#8221;19px&#8221; header_3_text_color=&#8221;#0c71c3&#8243; header_3_font_size=&#8221;20px&#8221; custom_margin=&#8221;||0px||false|false&#8221; custom_padding=&#8221;5px||15px||false|false&#8221; global_colors_info=&#8221;{}&#8221;]<\/p>\n<h3><span style=\"text-decoration: underline;\"><strong>15.06. &#8211; 06.07<\/strong><\/span><\/h3>\n<p>[\/et_pb_text][et_pb_text _builder_version=&#8221;4.27.5&#8243; _module_preset=&#8221;default&#8221; text_font=&#8221;Archivo|300|||||||&#8221; text_font_size=&#8221;15px&#8221; custom_margin=&#8221;-7px||0px||false|false&#8221; custom_padding=&#8221;0px||0px||true|false&#8221; custom_padding_tablet=&#8221;5px||5px||true|false&#8221; custom_padding_phone=&#8221;5px||30px||false|false&#8221; custom_padding_last_edited=&#8221;on|phone&#8221; global_colors_info=&#8221;{}&#8221;]<\/p>\n<p><strong>Cijeli dan:<\/strong> 320<span>.00 \u20ac<\/span><\/p>\n<p><\/p>\n<p><strong>Tjedan dana:<\/strong> <span>1.920,00 \u20ac<\/span><\/p>\n<p>[\/et_pb_text][et_pb_text _builder_version=&#8221;4.22.0&#8243; _module_preset=&#8221;default&#8221; text_font=&#8221;Archivo|300|||on||||&#8221; text_font_size=&#8221;19px&#8221; header_3_text_color=&#8221;#0c71c3&#8243; header_3_font_size=&#8221;20px&#8221; custom_margin=&#8221;||0px||false|false&#8221; custom_padding=&#8221;5px||15px||false|false&#8221; global_colors_info=&#8221;{}&#8221;]<\/p>\n<h3><strong><u>07.07. &#8211; 31.08<\/u><\/strong><\/h3>\n<p>[\/et_pb_text][et_pb_text _builder_version=&#8221;4.27.5&#8243; _module_preset=&#8221;default&#8221; text_font=&#8221;Archivo|300|||||||&#8221; text_font_size=&#8221;15px&#8221; custom_margin=&#8221;-7px||0px||false|false&#8221; custom_padding=&#8221;0px||0px||true|false&#8221; custom_padding_tablet=&#8221;5px||5px||true|false&#8221; custom_padding_phone=&#8221;5px||30px||false|false&#8221; custom_padding_last_edited=&#8221;on|phone&#8221; global_colors_info=&#8221;{}&#8221;]<\/p>\n<p><strong>Cijeli dan:<\/strong> 360<span>.00 \u20ac<\/span><\/p>\n<p><\/p>\n<p><strong>Tjedan dana:<\/strong> 2.16<span>0,00 \u20ac<\/span><\/p>\n<p>[\/et_pb_text][\/et_pb_column][et_pb_column type=&#8221;1_4&#8243; _builder_version=&#8221;4.22.0&#8243; _module_preset=&#8221;default&#8221; background_enable_color=&#8221;off&#8221; custom_padding_tablet=&#8221;&#8221; custom_padding_phone=&#8221;||||false|false&#8221; custom_padding_last_edited=&#8221;on|phone&#8221; global_colors_info=&#8221;{}&#8221;][et_pb_text _builder_version=&#8221;4.22.0&#8243; _module_preset=&#8221;default&#8221; text_font=&#8221;Archivo|300|||on||||&#8221; text_font_size=&#8221;19px&#8221; header_3_text_color=&#8221;#0c71c3&#8243; header_3_font_size=&#8221;20px&#8221; custom_margin=&#8221;||0px||false|false&#8221; custom_padding=&#8221;5px||15px||false|false&#8221; global_colors_info=&#8221;{}&#8221;]<\/p>\n<h3><span style=\"text-decoration: underline;\"><strong>01.09. &#8211; 14.09.<\/strong><\/span><\/h3>\n<p>[\/et_pb_text][et_pb_text _builder_version=&#8221;4.27.5&#8243; _module_preset=&#8221;default&#8221; text_font=&#8221;Archivo|300|||||||&#8221; text_font_size=&#8221;15px&#8221; custom_margin=&#8221;-7px||0px||false|false&#8221; custom_padding=&#8221;0px||0px||true|false&#8221; custom_padding_tablet=&#8221;5px||5px||true|false&#8221; custom_padding_phone=&#8221;5px||30px||false|false&#8221; custom_padding_last_edited=&#8221;on|phone&#8221; global_colors_info=&#8221;{}&#8221;]<\/p>\n<p><strong>Cijeli dan:<\/strong> 320<span>.00 \u20ac<\/span><\/p>\n<p><\/p>\n<p><strong>Tjedan dana:<\/strong> <span>1.920,00 \u20ac<\/span><\/p>\n<p>[\/et_pb_text][et_pb_text _builder_version=&#8221;4.22.0&#8243; _module_preset=&#8221;default&#8221; text_font=&#8221;Archivo|300|||on||||&#8221; text_font_size=&#8221;19px&#8221; header_3_text_color=&#8221;#0c71c3&#8243; header_3_font_size=&#8221;20px&#8221; custom_margin=&#8221;||0px||false|false&#8221; custom_padding=&#8221;5px||15px||false|false&#8221; global_colors_info=&#8221;{}&#8221;]<\/p>\n<h3><span style=\"text-decoration: underline;\"><strong>15.09. &#8211; 31.12.<\/strong><\/span><\/h3>\n<p>[\/et_pb_text][et_pb_text _builder_version=&#8221;4.27.5&#8243; _module_preset=&#8221;default&#8221; text_font=&#8221;Archivo|300|||||||&#8221; text_font_size=&#8221;15px&#8221; custom_margin=&#8221;-7px||0px||false|false&#8221; custom_padding=&#8221;0px||0px||true|false&#8221; custom_padding_tablet=&#8221;5px||5px||true|false&#8221; custom_padding_phone=&#8221;5px||30px||false|false&#8221; custom_padding_last_edited=&#8221;on|phone&#8221; global_colors_info=&#8221;{}&#8221;]<\/p>\n<p><strong>Cijeli dan:<\/strong> 300<span>.00 \u20ac<\/span><\/p>\n<p><\/p>\n<p><strong>Tjedan dana:<\/strong> <span>1.800,00 \u20ac <\/span><\/p>\n<p>[\/et_pb_text][et_pb_text _builder_version=&#8221;4.27.5&#8243; _module_preset=&#8221;default&#8221; text_font=&#8221;Archivo|300|||||||&#8221; text_font_size=&#8221;15px&#8221; custom_margin=&#8221;30px||0px||false|false&#8221; custom_padding=&#8221;||||true|false&#8221; custom_padding_tablet=&#8221;5px||5px||true|false&#8221; custom_padding_phone=&#8221;5px||30px||false|false&#8221; custom_padding_last_edited=&#8221;on|phone&#8221; global_colors_info=&#8221;{}&#8221;]<\/p>\n<p><b>Happy hour: 230.00 \u20ac<br \/>Deposit: 5<\/b>00.00 \u20ac<\/p>\n<p>[\/et_pb_text][\/et_pb_column][et_pb_column type=&#8221;1_2&#8243; _builder_version=&#8221;4.21.0&#8243; _module_preset=&#8221;default&#8221; background_color=&#8221;#0C71C3&#8243; custom_padding_tablet=&#8221;&#8221; custom_padding_phone=&#8221;||||false|false&#8221; custom_padding_last_edited=&#8221;on|phone&#8221; global_colors_info=&#8221;{}&#8221;][et_pb_code _builder_version=&#8221;4.27.5&#8243; _module_preset=&#8221;default&#8221; hover_enabled=&#8221;0&#8243; sticky_enabled=&#8221;0&#8243;]<\/p>\n<div id=\"form-wrap-28b6ad50-7151-4b1f-8c89-d59848b8d945\"><\/div>\n<p><!-- [et_pb_line_break_holder] --><script><!-- [et_pb_line_break_holder] -->(function(){<!-- [et_pb_line_break_holder] -->  var p=window.location.pathname,l='en';<!-- [et_pb_line_break_holder] -->  if(p.indexOf('\/hr')===0)l='hr';else if(p.indexOf('\/de')===0)l='de';else if(p.indexOf('\/it')===0)l='it';<!-- [et_pb_line_break_holder] -->  var src='https:\/\/make-my-forms.lovable.app\/f\/28b6ad50-7151-4b1f-8c89-d59848b8d945?embed=true&lang='+l;<!-- [et_pb_line_break_holder] -->  var wrap=document.getElementById('form-wrap-28b6ad50-7151-4b1f-8c89-d59848b8d945');<!-- [et_pb_line_break_holder] -->  var iframe=document.createElement('iframe');<!-- [et_pb_line_break_holder] -->  iframe.id='form-iframe-28b6ad50-7151-4b1f-8c89-d59848b8d945';iframe.src=src;iframe.width='100%';iframe.frameBorder='0';iframe.scrolling='no';<!-- [et_pb_line_break_holder] -->  iframe.style.cssText='border:none;max-width:600px;margin:0 auto;display:block;overflow:hidden;';<!-- [et_pb_line_break_holder] -->  wrap.appendChild(iframe);<!-- [et_pb_line_break_holder] -->  window.addEventListener('message',function(e){if(e.data&&e.data.type==='form-resize'){iframe.style.height=e.data.height+'px';}});<!-- [et_pb_line_break_holder] -->})();<!-- [et_pb_line_break_holder] --><\/script>[\/et_pb_code][\/et_pb_column][\/et_pb_row][\/et_pb_section]<\/p>\n","protected":false},"excerpt":{"rendered":"<p><div class=\"et_pb_module dsm_block_reveal_text dsm_block_reveal_text_0\">\n\t\t\t\t\n\t\t\t\t\n\t\t\t\t\n\t\t\t\t\n\t\t\t\t\n\t\t\t\t\n\t\t\t\t<div class=\"et_pb_module_inner\">\n\t\t\t\t\t<div class=\"dsm_block_reveal_text_wrapper\" data-dsm-block-reveal-animation=\"lr\" data-dsm-block-reveal-color=\"#FFFFFF\" data-dsm-block-reveal-delay=\"0.1\" data-dsm-block-reveal-viewport=\"80%\"><h2 class=\"dsm_block_reveal_text_header et_pb_module_header\">Quicksilver 675 Sundeck<\/h2><\/div>\n\t\t\t\t<\/div>\n\t\t\t<\/div>Detalji o ploviluVrsta najma: Bez skipera ili sa skiperomModel:Quicksilver 675 OpenDauljina (m): 6.75\u0160irina (m): 2.55Gaz (m): 0.7Godina proizvodnje: 2026Licencirani kapacitet: 9 personsBroj kabina: 1Motor: \u010detverotaktniSnaga Honda motor od 150hpBroj motora: 1Vrsta goriva: BenzinDepozit (\u20ac): 500Radio, GPS, tu\u0161, kabina za spavanje, bimini [&hellip;]<\/p>\n","protected":false},"author":1,"featured_media":56915,"parent":54164,"menu_order":0,"comment_status":"closed","ping_status":"closed","template":"","meta":{"_et_pb_use_builder":"on","_et_pb_old_content":"","_et_gb_content_width":"","footnotes":""},"class_list":["post-56972","page","type-page","status-publish","has-post-thumbnail","hentry"],"_links":{"self":[{"href":"https:\/\/fazana.eu\/hr\/wp-json\/wp\/v2\/pages\/56972","targetHints":{"allow":["GET"]}}],"collection":[{"href":"https:\/\/fazana.eu\/hr\/wp-json\/wp\/v2\/pages"}],"about":[{"href":"https:\/\/fazana.eu\/hr\/wp-json\/wp\/v2\/types\/page"}],"author":[{"embeddable":true,"href":"https:\/\/fazana.eu\/hr\/wp-json\/wp\/v2\/users\/1"}],"replies":[{"embeddable":true,"href":"https:\/\/fazana.eu\/hr\/wp-json\/wp\/v2\/comments?post=56972"}],"version-history":[{"count":6,"href":"https:\/\/fazana.eu\/hr\/wp-json\/wp\/v2\/pages\/56972\/revisions"}],"predecessor-version":[{"id":57148,"href":"https:\/\/fazana.eu\/hr\/wp-json\/wp\/v2\/pages\/56972\/revisions\/57148"}],"up":[{"embeddable":true,"href":"https:\/\/fazana.eu\/hr\/wp-json\/wp\/v2\/pages\/54164"}],"wp:featuredmedia":[{"embeddable":true,"href":"https:\/\/fazana.eu\/hr\/wp-json\/wp\/v2\/media\/56915"}],"wp:attachment":[{"href":"https:\/\/fazana.eu\/hr\/wp-json\/wp\/v2\/media?parent=56972"}],"curies":[{"name":"wp","href":"https:\/\/api.w.org\/{rel}","templated":true}]}}