{"id":54948,"date":"2024-01-16T11:14:10","date_gmt":"2024-01-16T11:14:10","guid":{"rendered":"https:\/\/fazana.eu\/viga-650\/"},"modified":"2026-04-05T12:48:18","modified_gmt":"2026-04-05T12:48:18","slug":"viga-650","status":"publish","type":"page","link":"https:\/\/fazana.eu\/de\/viga-650\/","title":{"rendered":"Viga 650"},"content":{"rendered":"<p>[et_pb_section fb_built=&#8220;1&#8243; _builder_version=&#8220;4.21.0&#8243; _module_preset=&#8220;default&#8220; global_colors_info=&#8220;{}&#8220;][et_pb_row _builder_version=&#8220;4.21.0&#8243; _module_preset=&#8220;default&#8220; width=&#8220;90%&#8220; max_width=&#8220;1300px&#8220; module_alignment=&#8220;center&#8220; scroll_fade_enable=&#8220;on&#8220; scroll_fade=&#8220;0|28|28|60|0|30%|100&#8243; motion_trigger_start=&#8220;top&#8220; global_colors_info=&#8220;{}&#8220;][et_pb_column type=&#8220;4_4&#8243; _builder_version=&#8220;4.21.0&#8243; _module_preset=&#8220;default&#8220; global_colors_info=&#8220;{}&#8220;][dsm_block_reveal_text block_reveal_text=&#8220;Viga 650&#8243; block_reveal_color=&#8220;#FFFFFF&#8220; _builder_version=&#8220;4.22.0&#8243; _module_preset=&#8220;default&#8220; header_font=&#8220;Poppins||||||||&#8220; header_text_align=&#8220;left&#8220; header_text_color=&#8220;#0C71C3&#8243; header_font_size=&#8220;50px&#8220; header_font_size_tablet=&#8220;40px&#8220; header_font_size_phone=&#8220;30px&#8220; header_font_size_last_edited=&#8220;on|phone&#8220; global_colors_info=&#8220;{}&#8220;][\/dsm_block_reveal_text][\/et_pb_column][\/et_pb_row][et_pb_row _builder_version=&#8220;4.21.0&#8243; _module_preset=&#8220;default&#8220; width=&#8220;90%&#8220; max_width=&#8220;1300px&#8220; custom_margin=&#8220;||0px||false|false&#8220; custom_padding=&#8220;||0px||false|false&#8220; global_colors_info=&#8220;{}&#8220;][et_pb_column type=&#8220;4_4&#8243; _builder_version=&#8220;4.21.0&#8243; _module_preset=&#8220;default&#8220; global_colors_info=&#8220;{}&#8220;][et_pb_image src=&#8220;https:\/\/fazana.eu\/wp-content\/uploads\/2024\/07\/viga-boat-fazana-2.jpg&#8220; title_text=&#8220;viga boat fazana (2)&#8220; align=&#8220;right&#8220; disabled_on=&#8220;off|on|on&#8220; _builder_version=&#8220;4.22.0&#8243; _module_preset=&#8220;default&#8220; module_alignment=&#8220;right&#8220; border_width_all=&#8220;3px&#8220; border_color_all=&#8220;#0C71C3&#8243; global_colors_info=&#8220;{}&#8220;][\/et_pb_image][et_pb_text _builder_version=&#8220;4.21.0&#8243; _module_preset=&#8220;default&#8220; header_font=&#8220;Archivo||||||||&#8220; header_2_font=&#8220;Archivo||||||||&#8220; header_2_text_color=&#8220;#0C71C3&#8243; header_2_font_size=&#8220;30px&#8220; header_3_font=&#8220;Archivo||||||||&#8220; header_3_text_color=&#8220;#595959&#8243; header_3_font_size=&#8220;20px&#8220; custom_margin=&#8220;||0px||false|false&#8220; custom_padding=&#8220;||0px||false|false&#8220; header_3_font_size_tablet=&#8220;20px&#8220; header_3_font_size_phone=&#8220;25px&#8220; header_3_font_size_last_edited=&#8220;on|phone&#8220; global_colors_info=&#8220;{}&#8220;]<\/p>\n<h2>Bootsdetails<\/h2>\n<p>[\/et_pb_text][et_pb_divider color=&#8220;#0C71C3&#8243; divider_weight=&#8220;2px&#8220; _builder_version=&#8220;4.21.0&#8243; _module_preset=&#8220;default&#8220; width=&#8220;25%&#8220; custom_margin=&#8220;0px||0px||false|false&#8220; custom_padding=&#8220;0px||0px||false|false&#8220; global_colors_info=&#8220;{}&#8220;][\/et_pb_divider][\/et_pb_column][\/et_pb_row][et_pb_row column_structure=&#8220;1_4,1_4,1_2&#8243; make_equal=&#8220;on&#8220; _builder_version=&#8220;4.21.0&#8243; _module_preset=&#8220;default&#8220; width=&#8220;90%&#8220; max_width=&#8220;1300px&#8220; custom_padding=&#8220;2px|||||&#8220; global_colors_info=&#8220;{}&#8220;][et_pb_column type=&#8220;1_4&#8243; _builder_version=&#8220;4.21.0&#8243; _module_preset=&#8220;default&#8220; custom_css_main_element=&#8220;max-width: 25%;&#8220; global_colors_info=&#8220;{}&#8220; custom_css_main_element_last_edited=&#8220;on|phone&#8220; custom_css_main_element_tablet=&#8220; &#8220; custom_css_main_element_phone=&#8220; &#8222;][dsm_icon_list _builder_version=&#8220;4.21.0&#8243; _module_preset=&#8220;default&#8220; global_colors_info=&#8220;{}&#8220;][dsm_icon_list_child text=&#8220;Hafen von Fazana&#8220; font_icon=&#8220;&#xe01d;||divi||400&#8243; icon_color=&#8220;#0C71C3&#8243; icon_font_size=&#8220;16px&#8220; _builder_version=&#8220;4.21.0&#8243; _module_preset=&#8220;default&#8220; text_font=&#8220;Archivo||||||||&#8220; text_text_color=&#8220;#0C71C3&#8243; text_font_size=&#8220;16px&#8220; global_colors_info=&#8220;{}&#8220;][\/dsm_icon_list_child][\/dsm_icon_list][et_pb_text _builder_version=&#8220;4.21.0&#8243; _module_preset=&#8220;default&#8220; text_font=&#8220;Archivo|300|||||||&#8220; text_font_size=&#8220;16px&#8220; custom_margin=&#8220;||0px||false|false&#8220; custom_padding=&#8220;5px||5px||true|false&#8220; global_colors_info=&#8220;{}&#8220;]<\/p>\n<p><strong>Art der Vermietung:<\/strong> Bareboat oder mit Skipper<\/p>\n<p>[\/et_pb_text][et_pb_text _builder_version=&#8220;4.22.0&#8243; _module_preset=&#8220;default&#8220; text_font=&#8220;Archivo|300|||||||&#8220; text_font_size=&#8220;15px&#8220; custom_margin=&#8220;0px||0px||false|false&#8220; custom_padding=&#8220;5px||5px||true|false&#8220; global_colors_info=&#8220;{}&#8220;]<\/p>\n<p><strong>L\u00e4nge \u00fcber alles (m)<\/strong>: 6,55<\/p>\n<p>[\/et_pb_text][et_pb_text _builder_version=&#8220;4.22.0&#8243; _module_preset=&#8220;default&#8220; text_font=&#8220;Archivo|300|||||||&#8220; text_font_size=&#8220;16px&#8220; custom_margin=&#8220;0px||0px||false|false&#8220; custom_padding=&#8220;5px||5px||true|false&#8220; global_colors_info=&#8220;{}&#8220;]<\/p>\n<p><strong>Breite (m):<\/strong> 2,75<\/p>\n<p>[\/et_pb_text][et_pb_text _builder_version=&#8220;4.22.0&#8243; _module_preset=&#8220;default&#8220; text_font=&#8220;Archivo|300|||||||&#8220; text_font_size=&#8220;15px&#8220; custom_margin=&#8220;0px||0px||false|false&#8220; custom_padding=&#8220;5px||5px||true|false&#8220; global_colors_info=&#8220;{}&#8220;]<\/p>\n<p><strong>Entwurf (m)<\/strong>: 0.5<\/p>\n<p>[\/et_pb_text][et_pb_text _builder_version=&#8220;4.22.0&#8243; _module_preset=&#8220;default&#8220; text_font=&#8220;Archivo|300|||||||&#8220; text_font_size=&#8220;15px&#8220; custom_margin=&#8220;0px||0px||false|false&#8220; custom_padding=&#8220;5px||5px||true|false&#8220; global_colors_info=&#8220;{}&#8220;]<\/p>\n<p><strong>Lizenzierte Kapazit\u00e4t:<\/strong> 12 personen<\/p>\n<p>[\/et_pb_text][et_pb_text _builder_version=&#8220;4.22.0&#8243; _module_preset=&#8220;default&#8220; text_font=&#8220;Archivo|300|||||||&#8220; text_font_size=&#8220;15px&#8220; custom_margin=&#8220;0px||0px||false|false&#8220; custom_padding=&#8220;5px||5px||true|false&#8220; global_colors_info=&#8220;{}&#8220;]<\/p>\n<p><strong>Baujahr:<\/strong> 2024<\/p>\n<p>[\/et_pb_text][\/et_pb_column][et_pb_column type=&#8220;1_4&#8243; _builder_version=&#8220;4.21.0&#8243; _module_preset=&#8220;default&#8220; custom_css_main_element=&#8220;max-width: 25%;&#8220; global_colors_info=&#8220;{}&#8220; custom_css_main_element_last_edited=&#8220;on|tablet&#8220; custom_css_main_element_tablet=&#8220; &#8220; custom_css_main_element_phone=&#8220; &#8222;][et_pb_text _builder_version=&#8220;4.21.0&#8243; _module_preset=&#8220;default&#8220; text_font=&#8220;Archivo|300|||||||&#8220; text_font_size=&#8220;15px&#8220; custom_margin=&#8220;0px||0px||false|false&#8220; custom_padding=&#8220;5px||5px||true|false&#8220; global_colors_info=&#8220;{}&#8220;]<\/p>\n<p><strong>Motortyp:<\/strong> 4 takt<\/p>\n<p>[\/et_pb_text][et_pb_text _builder_version=&#8220;4.22.0&#8243; _module_preset=&#8220;default&#8220; text_font=&#8220;Archivo|300|||||||&#8220; text_font_size=&#8220;15px&#8220; custom_margin=&#8220;0px||0px||false|false&#8220; custom_padding=&#8220;5px||5px||true|false&#8220; global_colors_info=&#8220;{}&#8220;]<\/p>\n<p><span><strong>Power:<\/strong> 175hp<\/span><\/p>\n<p>[\/et_pb_text][et_pb_text _builder_version=&#8220;4.21.0&#8243; _module_preset=&#8220;default&#8220; text_font=&#8220;Archivo|300|||||||&#8220; text_font_size=&#8220;15px&#8220; custom_margin=&#8220;0px||0px||false|false&#8220; custom_padding=&#8220;5px||5px||true|false&#8220; global_colors_info=&#8220;{}&#8220;]<\/p>\n<p><strong>Anzahl der Motoren<\/strong>: 1<\/p>\n<p>[\/et_pb_text][et_pb_text _builder_version=&#8220;4.21.0&#8243; _module_preset=&#8220;default&#8220; text_font=&#8220;Archivo|300|||||||&#8220; text_font_size=&#8220;15px&#8220; custom_margin=&#8220;0px||0px||false|false&#8220; custom_padding=&#8220;5px||5px||true|false&#8220; global_colors_info=&#8220;{}&#8220;]<\/p>\n<p><strong>Treibstoffart:<\/strong> Benzine<\/p>\n<p>[\/et_pb_text][et_pb_text _builder_version=&#8220;4.21.0&#8243; _module_preset=&#8220;default&#8220; text_font=&#8220;Archivo|300|||||||&#8220; text_font_size=&#8220;15px&#8220; custom_margin=&#8220;0px||0px||false|false&#8220; custom_padding=&#8220;5px||5px||true|false&#8220; global_colors_info=&#8220;{}&#8220;]<\/p>\n<p><strong>Anzahlung (\u20ac):<\/strong> 500<\/p>\n<p>[\/et_pb_text][et_pb_text _builder_version=&#8220;4.22.0&#8243; _module_preset=&#8220;default&#8220; text_font=&#8220;Archivo|300|||||||&#8220; text_font_size=&#8220;15px&#8220; custom_margin=&#8220;0px||0px||false|false&#8220; custom_padding=&#8220;5px||5px||true|false&#8220; global_colors_info=&#8220;{}&#8220;]<\/p>\n<p><strong>Ausstattung:<\/strong> Radio, Dusche, GPS, 1 Anker (Handanker), Treppe, Bimini-Zelt, Fischfinder, Sonnendeck (vorne und hinten), Badeplattformen, 1 Handy-Ladeger\u00e4t<\/p>\n<p>[\/et_pb_text][\/et_pb_column][et_pb_column type=&#8220;1_2&#8243; _builder_version=&#8220;4.21.0&#8243; _module_preset=&#8220;default&#8220; custom_css_main_element=&#8220;max-width: 50%;&#8220; global_colors_info=&#8220;{}&#8220; custom_css_main_element_last_edited=&#8220;on|tablet&#8220; custom_css_main_element_phone=&#8220; &#8220; custom_css_main_element_tablet=&#8220; &#8222;][et_pb_image src=&#8220;https:\/\/fazana.eu\/wp-content\/uploads\/2024\/07\/viga-boat-fazana-2.jpg&#8220; title_text=&#8220;viga boat fazana (2)&#8220; align=&#8220;right&#8220; disabled_on=&#8220;on|off|off&#8220; _builder_version=&#8220;4.22.0&#8243; _module_preset=&#8220;default&#8220; module_alignment=&#8220;right&#8220; border_width_all=&#8220;6px&#8220; border_color_all=&#8220;#0C71C3&#8243; global_colors_info=&#8220;{}&#8220;][\/et_pb_image][\/et_pb_column][\/et_pb_row][et_pb_row _builder_version=&#8220;4.21.0&#8243; _module_preset=&#8220;default&#8220; width=&#8220;90%&#8220; max_width=&#8220;1300px&#8220; global_colors_info=&#8220;{}&#8220;][et_pb_column type=&#8220;4_4&#8243; _builder_version=&#8220;4.21.0&#8243; _module_preset=&#8220;default&#8220; global_colors_info=&#8220;{}&#8220;][et_pb_text _builder_version=&#8220;4.21.0&#8243; _module_preset=&#8220;default&#8220; header_font=&#8220;Archivo||||||||&#8220; header_2_font=&#8220;Archivo||||||||&#8220; header_2_text_color=&#8220;#0C71C3&#8243; header_2_font_size=&#8220;30px&#8220; header_3_font=&#8220;Archivo||||||||&#8220; header_3_text_color=&#8220;#595959&#8243; header_3_font_size=&#8220;20px&#8220; custom_margin=&#8220;||0px||false|false&#8220; custom_padding=&#8220;||0px||false|false&#8220; header_3_font_size_tablet=&#8220;20px&#8220; header_3_font_size_phone=&#8220;25px&#8220; header_3_font_size_last_edited=&#8220;on|phone&#8220; global_colors_info=&#8220;{}&#8220;]<\/p>\n<h2>Galerie<\/h2>\n<p>[\/et_pb_text][et_pb_divider color=&#8220;#0C71C3&#8243; divider_weight=&#8220;2px&#8220; _builder_version=&#8220;4.21.0&#8243; _module_preset=&#8220;default&#8220; width=&#8220;25%&#8220; custom_margin=&#8220;0px||0px||false|false&#8220; custom_padding=&#8220;0px||10px||false|false&#8220; global_colors_info=&#8220;{}&#8220;][\/et_pb_divider][dsm_image_carousel gallery_ids=&#8220;55338,55398,55410,55406,55402&#8243; sizes=&#8220;et-pb-post-main-image&#8220; slide_to_show=&#8220;3&#8243; arrow_position=&#8220;inside&#8220; dots=&#8220;off&#8220; show_lightbox=&#8220;on&#8220; show_lightbox_gallery=&#8220;on&#8220; arrow_color=&#8220;#FFFFFF&#8220; arrow_background_color=&#8220;#0C71C3&#8243; _builder_version=&#8220;4.22.0&#8243; _module_preset=&#8220;default&#8220; max_width_tablet=&#8220;&#8220; max_width_phone=&#8220;90%&#8220; max_width_last_edited=&#8220;on|phone&#8220; module_alignment_tablet=&#8220;&#8220; module_alignment_phone=&#8220;center&#8220; module_alignment_last_edited=&#8220;on|phone&#8220; global_colors_info=&#8220;{}&#8220;][\/dsm_image_carousel][\/et_pb_column][\/et_pb_row][et_pb_row _builder_version=&#8220;4.21.0&#8243; _module_preset=&#8220;default&#8220; width=&#8220;90%&#8220; max_width=&#8220;1300px&#8220; global_colors_info=&#8220;{}&#8220;][et_pb_column type=&#8220;4_4&#8243; _builder_version=&#8220;4.21.0&#8243; _module_preset=&#8220;default&#8220; global_colors_info=&#8220;{}&#8220;][et_pb_text _builder_version=&#8220;4.22.0&#8243; _module_preset=&#8220;default&#8220; header_font=&#8220;Archivo||||||||&#8220; header_2_font=&#8220;Archivo||||||||&#8220; header_2_text_color=&#8220;#0C71C3&#8243; header_2_font_size=&#8220;30px&#8220; header_3_font=&#8220;Archivo||||||||&#8220; header_3_text_color=&#8220;#595959&#8243; header_3_font_size=&#8220;20px&#8220; custom_margin=&#8220;||0px||false|false&#8220; custom_padding=&#8220;||0px||false|false&#8220; header_3_font_size_tablet=&#8220;20px&#8220; header_3_font_size_phone=&#8220;25px&#8220; header_3_font_size_last_edited=&#8220;on|phone&#8220; global_colors_info=&#8220;{}&#8220;]<\/p>\n<h2>360\u00b0-Ansicht<\/h2>\n<p>[\/et_pb_text][et_pb_divider color=&#8220;#0C71C3&#8243; divider_weight=&#8220;2px&#8220; _builder_version=&#8220;4.21.0&#8243; _module_preset=&#8220;default&#8220; width=&#8220;25%&#8220; custom_margin=&#8220;0px||0px||false|false&#8220; custom_padding=&#8220;0px||10px||false|false&#8220; global_colors_info=&#8220;{}&#8220;][\/et_pb_divider][et_pb_code _builder_version=&#8220;4.22.0&#8243; _module_preset=&#8220;default&#8220; global_colors_info=&#8220;{}&#8220;]<iframe width=\"100%\" height=\"563\" frameborder=\"0\" allowfullscreen src=\"https:\/\/virtualtours.virtualno360.hr\/F1zCDXpJAm\/43261031p&#038;242.18h&#038;79.45t\"><\/iframe> [\/et_pb_code][et_pb_divider color=&#8220;#0C71C3&#8243; divider_weight=&#8220;2px&#8220; _builder_version=&#8220;4.21.0&#8243; _module_preset=&#8220;default&#8220; width=&#8220;25%&#8220; custom_margin=&#8220;0px||0px||false|false&#8220; custom_padding=&#8220;0px||10px||false|false&#8220; global_colors_info=&#8220;{}&#8220;][\/et_pb_divider][\/et_pb_column][\/et_pb_row][et_pb_row use_custom_gutter=&#8220;on&#8220; gutter_width=&#8220;1&#8243; _builder_version=&#8220;4.22.0&#8243; _module_preset=&#8220;default&#8220; width=&#8220;90%&#8220; max_width=&#8220;1300px&#8220; custom_padding=&#8220;2px|||||&#8220; custom_css_main_element=&#8220;align-items: center;&#8220; global_colors_info=&#8220;{}&#8220;][et_pb_column type=&#8220;4_4&#8243; _builder_version=&#8220;4.22.0&#8243; _module_preset=&#8220;default&#8220; global_colors_info=&#8220;{}&#8220;][et_pb_text _builder_version=&#8220;4.22.0&#8243; _module_preset=&#8220;default&#8220; header_font=&#8220;Archivo||||||||&#8220; header_2_font=&#8220;Archivo||||||||&#8220; header_2_text_color=&#8220;#0C71C3&#8243; header_2_font_size=&#8220;30px&#8220; header_3_font=&#8220;Archivo||||||||&#8220; header_3_text_color=&#8220;#595959&#8243; header_3_font_size=&#8220;20px&#8220; custom_margin=&#8220;||0px||false|false&#8220; custom_padding=&#8220;||0px||false|false&#8220; header_3_font_size_tablet=&#8220;20px&#8220; header_3_font_size_phone=&#8220;25px&#8220; header_3_font_size_last_edited=&#8220;on|phone&#8220; global_colors_info=&#8220;{}&#8220;]<\/p>\n<h2>Preisgestaltung<\/h2>\n<p>[\/et_pb_text][\/et_pb_column][\/et_pb_row][et_pb_row column_structure=&#8220;1_4,1_4,1_2&#8243; use_custom_gutter=&#8220;on&#8220; gutter_width=&#8220;1&#8243; _builder_version=&#8220;4.22.0&#8243; _module_preset=&#8220;default&#8220; width=&#8220;90%&#8220; max_width=&#8220;1300px&#8220; custom_padding=&#8220;2px|||||&#8220; custom_css_main_element=&#8220;align-items: center;&#8220; global_colors_info=&#8220;{}&#8220;][et_pb_column type=&#8220;1_4&#8243; _builder_version=&#8220;4.21.0&#8243; _module_preset=&#8220;default&#8220; global_colors_info=&#8220;{}&#8220;][et_pb_text _builder_version=&#8220;4.22.0&#8243; _module_preset=&#8220;default&#8220; text_font=&#8220;Archivo|300|||on||||&#8220; text_font_size=&#8220;19px&#8220; header_3_text_color=&#8220;#0c71c3&#8243; header_3_font_size=&#8220;20px&#8220; custom_margin=&#8220;||0px||false|false&#8220; custom_padding=&#8220;5px||15px||false|false&#8220; global_colors_info=&#8220;{}&#8220;]<\/p>\n<h3><span style=\"text-decoration: underline;\"><strong>01.01. &#8211; 14.06.\u00a0<\/strong><\/span><\/h3>\n<p>[\/et_pb_text][et_pb_text _builder_version=&#8220;4.27.5&#8243; _module_preset=&#8220;default&#8220; text_font=&#8220;Archivo|300|||||||&#8220; text_font_size=&#8220;15px&#8220; custom_margin=&#8220;-7px||0px||false|false&#8220; custom_padding=&#8220;0px||0px||true|false&#8220; custom_padding_tablet=&#8220;5px||5px||true|false&#8220; custom_padding_phone=&#8220;5px||30px||false|false&#8220; custom_padding_last_edited=&#8220;on|phone&#8220; global_colors_info=&#8220;{}&#8220;]<\/p>\n<p><strong>Den ganzen Tag:<\/strong> 240.00 \u20ac<\/p>\n<p><\/p>\n<p><strong>Wochenpreis:<\/strong> 1.440,00 \u20ac<\/p>\n<p>[\/et_pb_text][et_pb_text _builder_version=&#8220;4.22.0&#8243; _module_preset=&#8220;default&#8220; text_font=&#8220;Archivo|300|||on||||&#8220; text_font_size=&#8220;19px&#8220; header_3_text_color=&#8220;#0c71c3&#8243; header_3_font_size=&#8220;20px&#8220; custom_margin=&#8220;||0px||false|false&#8220; custom_padding=&#8220;5px||15px||false|false&#8220; global_colors_info=&#8220;{}&#8220;]<\/p>\n<h3><span style=\"text-decoration: underline;\"><strong>15.06. &#8211; 06.07<\/strong><\/span><\/h3>\n<p>[\/et_pb_text][et_pb_text _builder_version=&#8220;4.27.5&#8243; _module_preset=&#8220;default&#8220; text_font=&#8220;Archivo|300|||||||&#8220; text_font_size=&#8220;15px&#8220; custom_margin=&#8220;-7px||0px||false|false&#8220; custom_padding=&#8220;0px||0px||true|false&#8220; custom_padding_tablet=&#8220;5px||5px||true|false&#8220; custom_padding_phone=&#8220;5px||30px||false|false&#8220; custom_padding_last_edited=&#8220;on|phone&#8220; global_colors_info=&#8220;{}&#8220;]<\/p>\n<p><strong>Den ganzen Tag:<\/strong> 280.00 \u20ac<\/p>\n<p><\/p>\n<p><strong>Wochenpreis:<\/strong> 1.680,00 \u20ac<\/p>\n<p>[\/et_pb_text][et_pb_text _builder_version=&#8220;4.22.0&#8243; _module_preset=&#8220;default&#8220; text_font=&#8220;Archivo|300|||on||||&#8220; text_font_size=&#8220;19px&#8220; header_3_text_color=&#8220;#0c71c3&#8243; header_3_font_size=&#8220;20px&#8220; custom_margin=&#8220;||0px||false|false&#8220; custom_padding=&#8220;5px||15px||false|false&#8220; global_colors_info=&#8220;{}&#8220;]<\/p>\n<h3><strong><u>07.07. &#8211; 31.08<\/u><\/strong><\/h3>\n<p>[\/et_pb_text][et_pb_text _builder_version=&#8220;4.27.5&#8243; _module_preset=&#8220;default&#8220; text_font=&#8220;Archivo|300|||||||&#8220; text_font_size=&#8220;15px&#8220; custom_margin=&#8220;-7px||0px||false|false&#8220; custom_padding=&#8220;0px||0px||true|false&#8220; custom_padding_tablet=&#8220;5px||5px||true|false&#8220; custom_padding_phone=&#8220;5px||30px||false|false&#8220; custom_padding_last_edited=&#8220;on|phone&#8220; global_colors_info=&#8220;{}&#8220;]<\/p>\n<p><strong>Den ganzen Tag:<\/strong> 320.00 \u20ac<\/p>\n<p><\/p>\n<p><strong>Wochenpreis:<\/strong> 1.920,00 \u20ac<\/p>\n<p>[\/et_pb_text][\/et_pb_column][et_pb_column type=&#8220;1_4&#8243; _builder_version=&#8220;4.22.0&#8243; _module_preset=&#8220;default&#8220; background_enable_color=&#8220;off&#8220; custom_padding_tablet=&#8220;&#8220; custom_padding_phone=&#8220;||||false|false&#8220; custom_padding_last_edited=&#8220;on|phone&#8220; global_colors_info=&#8220;{}&#8220;][et_pb_text _builder_version=&#8220;4.22.0&#8243; _module_preset=&#8220;default&#8220; text_font=&#8220;Archivo|300|||on||||&#8220; text_font_size=&#8220;19px&#8220; header_3_text_color=&#8220;#0c71c3&#8243; header_3_font_size=&#8220;20px&#8220; custom_margin=&#8220;||0px||false|false&#8220; custom_padding=&#8220;5px||15px||false|false&#8220; global_colors_info=&#8220;{}&#8220;]<\/p>\n<h3><span style=\"text-decoration: underline;\"><strong>01.09. &#8211; 14.09.<\/strong><\/span><\/h3>\n<p>[\/et_pb_text][et_pb_text _builder_version=&#8220;4.27.5&#8243; _module_preset=&#8220;default&#8220; text_font=&#8220;Archivo|300|||||||&#8220; text_font_size=&#8220;15px&#8220; custom_margin=&#8220;-7px||0px||false|false&#8220; custom_padding=&#8220;0px||0px||true|false&#8220; custom_padding_tablet=&#8220;5px||5px||true|false&#8220; custom_padding_phone=&#8220;5px||30px||false|false&#8220; custom_padding_last_edited=&#8220;on|phone&#8220; global_colors_info=&#8220;{}&#8220;]<\/p>\n<p><strong>Den ganzen Tag:<\/strong> 280.00 \u20ac<\/p>\n<p><\/p>\n<p><strong>Wochenpreis:<\/strong> 1.680,00 \u20ac<\/p>\n<p>[\/et_pb_text][et_pb_text _builder_version=&#8220;4.22.0&#8243; _module_preset=&#8220;default&#8220; text_font=&#8220;Archivo|300|||on||||&#8220; text_font_size=&#8220;19px&#8220; header_3_text_color=&#8220;#0c71c3&#8243; header_3_font_size=&#8220;20px&#8220; custom_margin=&#8220;||0px||false|false&#8220; custom_padding=&#8220;5px||15px||false|false&#8220; global_colors_info=&#8220;{}&#8220;]<\/p>\n<h3><span style=\"text-decoration: underline;\"><strong>15.09. &#8211; 31.12.<\/strong><\/span><\/h3>\n<p>[\/et_pb_text][et_pb_text _builder_version=&#8220;4.27.5&#8243; _module_preset=&#8220;default&#8220; text_font=&#8220;Archivo|300|||||||&#8220; text_font_size=&#8220;15px&#8220; custom_margin=&#8220;-7px||0px||false|false&#8220; custom_padding=&#8220;0px||0px||true|false&#8220; custom_padding_tablet=&#8220;5px||5px||true|false&#8220; custom_padding_phone=&#8220;5px||30px||false|false&#8220; custom_padding_last_edited=&#8220;on|phone&#8220; global_colors_info=&#8220;{}&#8220;]<\/p>\n<p><strong>Den ganzen Tag:<\/strong> 240.00 \u20ac<\/p>\n<p><\/p>\n<p><strong>Wochenpreis:<\/strong> 1.440,00 \u20ac<\/p>\n<p>[\/et_pb_text][\/et_pb_column][et_pb_column type=&#8220;1_2&#8243; _builder_version=&#8220;4.21.0&#8243; _module_preset=&#8220;default&#8220; background_color=&#8220;#0C71C3&#8243; custom_padding_tablet=&#8220;&#8220; custom_padding_phone=&#8220;||||false|false&#8220; custom_padding_last_edited=&#8220;on|phone&#8220; global_colors_info=&#8220;{}&#8220;][et_pb_code _builder_version=&#8220;4.27.5&#8243; _module_preset=&#8220;default&#8220; hover_enabled=&#8220;0&#8243; sticky_enabled=&#8220;0&#8243;]<\/p>\n<div id=\"form-wrap-19e2c1ed-7472-4373-9103-b67e5e163e0b\"><\/div>\n<p><!-- [et_pb_line_break_holder] --><script><!-- [et_pb_line_break_holder] -->(function(){<!-- [et_pb_line_break_holder] -->  var p=window.location.pathname,l='en';<!-- [et_pb_line_break_holder] -->  if(p.indexOf('\/hr')===0)l='hr';else if(p.indexOf('\/de')===0)l='de';else if(p.indexOf('\/it')===0)l='it';<!-- [et_pb_line_break_holder] -->  var src='https:\/\/make-my-forms.lovable.app\/f\/19e2c1ed-7472-4373-9103-b67e5e163e0b?embed=true&lang='+l;<!-- [et_pb_line_break_holder] -->  var wrap=document.getElementById('form-wrap-19e2c1ed-7472-4373-9103-b67e5e163e0b');<!-- [et_pb_line_break_holder] -->  var iframe=document.createElement('iframe');<!-- [et_pb_line_break_holder] -->  iframe.id='form-iframe-19e2c1ed-7472-4373-9103-b67e5e163e0b';iframe.src=src;iframe.width='100%';iframe.frameBorder='0';iframe.scrolling='no';<!-- [et_pb_line_break_holder] -->  iframe.style.cssText='border:none;max-width:600px;margin:0 auto;display:block;overflow:hidden;';<!-- [et_pb_line_break_holder] -->  wrap.appendChild(iframe);<!-- [et_pb_line_break_holder] -->  window.addEventListener('message',function(e){if(e.data&&e.data.type==='form-resize'){iframe.style.height=e.data.height+'px';}});<!-- [et_pb_line_break_holder] -->})();<!-- [et_pb_line_break_holder] --><\/script>[\/et_pb_code][\/et_pb_column][\/et_pb_row][\/et_pb_section]<\/p>\n","protected":false},"excerpt":{"rendered":"<p><div class=\"et_pb_module dsm_block_reveal_text dsm_block_reveal_text_0\">\n\t\t\t\t\n\t\t\t\t\n\t\t\t\t\n\t\t\t\t\n\t\t\t\t\n\t\t\t\t\n\t\t\t\t<div class=\"et_pb_module_inner\">\n\t\t\t\t\t<div class=\"dsm_block_reveal_text_wrapper\" data-dsm-block-reveal-animation=\"lr\" data-dsm-block-reveal-color=\"#FFFFFF\" data-dsm-block-reveal-delay=\"0.1\" data-dsm-block-reveal-viewport=\"80%\"><h2 class=\"dsm_block_reveal_text_header et_pb_module_header\">Viga 650<\/h2><\/div>\n\t\t\t\t<\/div>\n\t\t\t<\/div>Bootsdetails<div class=\"et_pb_module dsm_icon_list dsm_icon_list_0\">\n\t\t\t\t\n\t\t\t\t\n\t\t\t\t\n\t\t\t\t\n\t\t\t\t\n\t\t\t\t\n\t\t\t\t<div class=\"et_pb_module_inner\">\n\t\t\t\t\t<ul class=\"dsm_icon_list_items dsm_icon_list_ltr_direction dsm_icon_list_layout_vertical\"><li class=\"dsm_icon_list_child dsm_icon_list_child_0\">\n\t\t\t\t\n\t\t\t\t\n\t\t\t\t\n\t\t\t\t\n\t\t\t\t<span class=\"dsm_icon_list_wrapper\"><span class=\"dsm_icon_list_icon\">\ue01d<\/span><\/span><span class=\"dsm_icon_list_text\">Hafen von Fazana<\/span>\n\t\t\t<\/li><\/ul>\n\t\t\t\t<\/div>\n\t\t\t<\/div>Art der Vermietung: Bareboat oder mit SkipperL\u00e4nge \u00fcber alles (m): 6,55Breite (m): 2,75Entwurf (m): 0.5Lizenzierte Kapazit\u00e4t: 12 personenBaujahr: 2024Motortyp: 4 taktPower: 175hpAnzahl der Motoren: 1Treibstoffart: BenzineAnzahlung (\u20ac): [&hellip;]<\/p>\n","protected":false},"author":1,"featured_media":0,"parent":0,"menu_order":0,"comment_status":"closed","ping_status":"closed","template":"","meta":{"_et_pb_use_builder":"on","_et_pb_old_content":"","_et_gb_content_width":"","footnotes":""},"class_list":["post-54948","page","type-page","status-publish","hentry"],"_links":{"self":[{"href":"https:\/\/fazana.eu\/de\/wp-json\/wp\/v2\/pages\/54948","targetHints":{"allow":["GET"]}}],"collection":[{"href":"https:\/\/fazana.eu\/de\/wp-json\/wp\/v2\/pages"}],"about":[{"href":"https:\/\/fazana.eu\/de\/wp-json\/wp\/v2\/types\/page"}],"author":[{"embeddable":true,"href":"https:\/\/fazana.eu\/de\/wp-json\/wp\/v2\/users\/1"}],"replies":[{"embeddable":true,"href":"https:\/\/fazana.eu\/de\/wp-json\/wp\/v2\/comments?post=54948"}],"version-history":[{"count":22,"href":"https:\/\/fazana.eu\/de\/wp-json\/wp\/v2\/pages\/54948\/revisions"}],"predecessor-version":[{"id":57166,"href":"https:\/\/fazana.eu\/de\/wp-json\/wp\/v2\/pages\/54948\/revisions\/57166"}],"wp:attachment":[{"href":"https:\/\/fazana.eu\/de\/wp-json\/wp\/v2\/media?parent=54948"}],"curies":[{"name":"wp","href":"https:\/\/api.w.org\/{rel}","templated":true}]}}